{"id":681,"date":"2025-01-20T13:50:20","date_gmt":"2025-01-20T13:50:20","guid":{"rendered":"https:\/\/wevie.com\/contactez-nous\/"},"modified":"2025-01-20T13:50:20","modified_gmt":"2025-01-20T13:50:20","slug":"contactez-nous","status":"publish","type":"page","link":"https:\/\/wevie.com\/fr\/contactez-nous\/","title":{"rendered":"Contactez-nous"},"content":{"rendered":"<p>Remplissez le formulaire avec votre nom, email et message : notre \u00e9quipe vous r\u00e9pondra dans les 24 heures.<br \/>\nQuelle que soit la taille de votre projet, nous sommes l\u00e0 pour vous \u00e9couter et vous aider \u00e0 trouver la solution parfaite pour vos besoins.<\/p>\n<p>Demandez votre d\u00e9mo maintenant et d\u00e9couvrez comment transformer votre gestion de la mobilit\u00e9.<\/p>\n<h4>Connectez-vous avec nous<\/h4>\n<p>Nous ne sommes pas seulement une plateforme, mais un partenaire sur lequel vous pouvez compter.<\/p>\n<p>Vous pouvez nous joindre par email, t\u00e9l\u00e9phone ou nous rendre visite dans nos bureaux.<br \/>\nChaque client est unique et nous accordons le plus grand soin \u00e0 chaque demande.<br \/>\n\u00c9crivez-nous pour un support rapide ou pour comprendre comment nous pouvons personnaliser notre solution pour vous.<\/p>\n<p>Constuisons ensemble votre mobilit\u00e9 du futur.<\/p>\n","protected":false},"excerpt":{"rendered":"<p>Remplissez le formulaire avec votre nom, email et message : notre \u00e9quipe vous r\u00e9pondra dans les 24 heures. Quelle que soit la taille de votre projet, nous sommes l\u00e0 pour vous \u00e9couter et vous aider \u00e0 trouver la solution parfaite pour vos besoins. Demandez votre d\u00e9mo maintenant et d\u00e9couvrez comment transformer votre gestion de la [&hellip;]<\/p>\n","protected":false},"author":5,"featured_media":0,"parent":0,"menu_order":10,"comment_status":"closed","ping_status":"closed","template":"contact-us.php","meta":{"_acf_changed":false,"footnotes":""},"class_list":["post-681","page","type-page","status-publish","hentry"],"acf":[],"_links":{"self":[{"href":"https:\/\/wevie.com\/fr\/wp-json\/wp\/v2\/pages\/681","targetHints":{"allow":["GET"]}}],"collection":[{"href":"https:\/\/wevie.com\/fr\/wp-json\/wp\/v2\/pages"}],"about":[{"href":"https:\/\/wevie.com\/fr\/wp-json\/wp\/v2\/types\/page"}],"author":[{"embeddable":true,"href":"https:\/\/wevie.com\/fr\/wp-json\/wp\/v2\/users\/5"}],"replies":[{"embeddable":true,"href":"https:\/\/wevie.com\/fr\/wp-json\/wp\/v2\/comments?post=681"}],"version-history":[{"count":0,"href":"https:\/\/wevie.com\/fr\/wp-json\/wp\/v2\/pages\/681\/revisions"}],"wp:attachment":[{"href":"https:\/\/wevie.com\/fr\/wp-json\/wp\/v2\/media?parent=681"}],"curies":[{"name":"wp","href":"https:\/\/api.w.org\/{rel}","templated":true}]}}