{"id":676,"date":"2026-03-05T15:21:31","date_gmt":"2026-03-05T15:21:31","guid":{"rendered":"https:\/\/wevie.com\/blog-sur-la-gestion-de-flotte-la-mobilite-intelligente\/"},"modified":"2026-03-05T15:21:31","modified_gmt":"2026-03-05T15:21:31","slug":"blog-sur-la-gestion-de-flotte-la-mobilite-intelligente","status":"publish","type":"page","link":"https:\/\/wevie.com\/fr\/blog-sur-la-gestion-de-flotte-la-mobilite-intelligente\/","title":{"rendered":"Blog sur la Gestion de Flotte &#038; la Mobilit\u00e9 Intelligente"},"content":{"rendered":"<p>Analyses sectorielles, tendances et guides pratiques pour les op\u00e9rateurs de mobilit\u00e9. D\u00e9couvrez comment optimiser vos op\u00e9rations, r\u00e9duire les co\u00fbts et d\u00e9velopper votre flotte gr\u00e2ce \u00e0 la technologie Wevie.<\/p>\n","protected":false},"excerpt":{"rendered":"<p>Analyses sectorielles, tendances et guides pratiques pour les op\u00e9rateurs de mobilit\u00e9. D\u00e9couvrez comment optimiser vos op\u00e9rations, r\u00e9duire les co\u00fbts et d\u00e9velopper votre flotte gr\u00e2ce \u00e0 la technologie Wevie.<\/p>\n","protected":false},"author":2,"featured_media":0,"parent":0,"menu_order":4,"comment_status":"closed","ping_status":"closed","template":"blog.php","meta":{"_acf_changed":false,"footnotes":""},"class_list":["post-676","page","type-page","status-publish","hentry"],"acf":[],"_links":{"self":[{"href":"https:\/\/wevie.com\/fr\/wp-json\/wp\/v2\/pages\/676","targetHints":{"allow":["GET"]}}],"collection":[{"href":"https:\/\/wevie.com\/fr\/wp-json\/wp\/v2\/pages"}],"about":[{"href":"https:\/\/wevie.com\/fr\/wp-json\/wp\/v2\/types\/page"}],"author":[{"embeddable":true,"href":"https:\/\/wevie.com\/fr\/wp-json\/wp\/v2\/users\/2"}],"replies":[{"embeddable":true,"href":"https:\/\/wevie.com\/fr\/wp-json\/wp\/v2\/comments?post=676"}],"version-history":[{"count":0,"href":"https:\/\/wevie.com\/fr\/wp-json\/wp\/v2\/pages\/676\/revisions"}],"wp:attachment":[{"href":"https:\/\/wevie.com\/fr\/wp-json\/wp\/v2\/media?parent=676"}],"curies":[{"name":"wp","href":"https:\/\/api.w.org\/{rel}","templated":true}]}}