{"id":683,"date":"2025-01-20T13:50:20","date_gmt":"2025-01-20T13:50:20","guid":{"rendered":"https:\/\/wevie.com\/contactenos\/"},"modified":"2025-01-20T13:50:20","modified_gmt":"2025-01-20T13:50:20","slug":"contactenos","status":"publish","type":"page","link":"https:\/\/wevie.com\/es\/contactenos\/","title":{"rendered":"Cont\u00e1ctenos"},"content":{"rendered":"<p>Rellene el formulario con su nombre, email y mensaje: nuestro equipo le responder\u00e1 en 24 horas.<br \/>\nIndependientemente del tama\u00f1o de su proyecto, estamos aqu\u00ed para escucharle y ayudarle a encontrar la soluci\u00f3n perfecta para sus necesidades.<\/p>\n<p>Solicite su demo ahora y descubra c\u00f3mo transformar su gesti\u00f3n de movilidad.<\/p>\n<h4>Con\u00e9ctese con nosotros<\/h4>\n<p>No somos solo una plataforma, sino un socio en quien puede confiar.<\/p>\n<p>Puede ponerse en contacto con nosotros por email, tel\u00e9fono o visitarnos en nuestras oficinas.<br \/>\nCada cliente es \u00fanico y nos dedicamos con el m\u00e1ximo cuidado a cada solicitud.<br \/>\nEscr\u00edbanos para soporte r\u00e1pido o para entender c\u00f3mo podemos personalizar nuestra soluci\u00f3n para usted.<\/p>\n<p>Construyamos juntos su movilidad del futuro.<\/p>\n","protected":false},"excerpt":{"rendered":"<p>Rellene el formulario con su nombre, email y mensaje: nuestro equipo le responder\u00e1 en 24 horas. Independientemente del tama\u00f1o de su proyecto, estamos aqu\u00ed para escucharle y ayudarle a encontrar la soluci\u00f3n perfecta para sus necesidades. Solicite su demo ahora y descubra c\u00f3mo transformar su gesti\u00f3n de movilidad. Con\u00e9ctese con nosotros No somos solo una [&hellip;]<\/p>\n","protected":false},"author":5,"featured_media":0,"parent":0,"menu_order":7,"comment_status":"closed","ping_status":"closed","template":"contact-us.php","meta":{"_acf_changed":false,"footnotes":""},"class_list":["post-683","page","type-page","status-publish","hentry"],"acf":[],"_links":{"self":[{"href":"https:\/\/wevie.com\/es\/wp-json\/wp\/v2\/pages\/683","targetHints":{"allow":["GET"]}}],"collection":[{"href":"https:\/\/wevie.com\/es\/wp-json\/wp\/v2\/pages"}],"about":[{"href":"https:\/\/wevie.com\/es\/wp-json\/wp\/v2\/types\/page"}],"author":[{"embeddable":true,"href":"https:\/\/wevie.com\/es\/wp-json\/wp\/v2\/users\/5"}],"replies":[{"embeddable":true,"href":"https:\/\/wevie.com\/es\/wp-json\/wp\/v2\/comments?post=683"}],"version-history":[{"count":0,"href":"https:\/\/wevie.com\/es\/wp-json\/wp\/v2\/pages\/683\/revisions"}],"wp:attachment":[{"href":"https:\/\/wevie.com\/es\/wp-json\/wp\/v2\/media?parent=683"}],"curies":[{"name":"wp","href":"https:\/\/api.w.org\/{rel}","templated":true}]}}