{"id":677,"date":"2026-03-05T15:21:31","date_gmt":"2026-03-05T15:21:31","guid":{"rendered":"https:\/\/wevie.com\/blog-de-gestion-de-flotas-y-movilidad-inteligente\/"},"modified":"2026-03-05T15:21:31","modified_gmt":"2026-03-05T15:21:31","slug":"blog-de-gestion-de-flotas-y-movilidad-inteligente","status":"publish","type":"page","link":"https:\/\/wevie.com\/es\/blog-de-gestion-de-flotas-y-movilidad-inteligente\/","title":{"rendered":"Blog de Gesti\u00f3n de Flotas y Movilidad Inteligente"},"content":{"rendered":"<p>An\u00e1lisis del sector, tendencias y gu\u00edas pr\u00e1cticas para operadores de movilidad. Descubra c\u00f3mo optimizar operaciones, reducir costos y escalar su flota con la tecnolog\u00eda de Wevie.<\/p>\n","protected":false},"excerpt":{"rendered":"<p>An\u00e1lisis del sector, tendencias y gu\u00edas pr\u00e1cticas para operadores de movilidad. Descubra c\u00f3mo optimizar operaciones, reducir costos y escalar su flota con la tecnolog\u00eda de Wevie.<\/p>\n","protected":false},"author":2,"featured_media":0,"parent":0,"menu_order":5,"comment_status":"closed","ping_status":"closed","template":"blog.php","meta":{"_acf_changed":false,"footnotes":""},"class_list":["post-677","page","type-page","status-publish","hentry"],"acf":[],"_links":{"self":[{"href":"https:\/\/wevie.com\/es\/wp-json\/wp\/v2\/pages\/677","targetHints":{"allow":["GET"]}}],"collection":[{"href":"https:\/\/wevie.com\/es\/wp-json\/wp\/v2\/pages"}],"about":[{"href":"https:\/\/wevie.com\/es\/wp-json\/wp\/v2\/types\/page"}],"author":[{"embeddable":true,"href":"https:\/\/wevie.com\/es\/wp-json\/wp\/v2\/users\/2"}],"replies":[{"embeddable":true,"href":"https:\/\/wevie.com\/es\/wp-json\/wp\/v2\/comments?post=677"}],"version-history":[{"count":0,"href":"https:\/\/wevie.com\/es\/wp-json\/wp\/v2\/pages\/677\/revisions"}],"wp:attachment":[{"href":"https:\/\/wevie.com\/es\/wp-json\/wp\/v2\/media?parent=677"}],"curies":[{"name":"wp","href":"https:\/\/api.w.org\/{rel}","templated":true}]}}