{"id":682,"date":"2025-01-20T13:50:20","date_gmt":"2025-01-20T13:50:20","guid":{"rendered":"https:\/\/wevie.com\/kontakt\/"},"modified":"2025-01-20T13:50:20","modified_gmt":"2025-01-20T13:50:20","slug":"kontakt","status":"publish","type":"page","link":"https:\/\/wevie.com\/de\/kontakt\/","title":{"rendered":"Kontakt"},"content":{"rendered":"<p>F\u00fcllen Sie das Formular mit Ihrem Namen, Ihrer E-Mail und Ihrer Nachricht aus: Unser Team antwortet innerhalb von 24 Stunden.<br \/>\nEgal wie gro\u00df Ihr Projekt ist, wir sind hier, um Ihnen zuzuh\u00f6ren und Ihnen zu helfen, die perfekte L\u00f6sung f\u00fcr Ihre Bed\u00fcrfnisse zu finden.<\/p>\n<p>Fordern Sie jetzt Ihre Demo an und entdecken Sie, wie Sie Ihr Mobilit\u00e4tsmanagement transformieren k\u00f6nnen.<\/p>\n<h4>Verbinden Sie sich mit uns<\/h4>\n<p>Wir sind nicht nur eine Plattform, sondern ein Partner, auf den Sie z\u00e4hlen k\u00f6nnen.<\/p>\n<p>Sie k\u00f6nnen uns per E-Mail, Telefon oder einem Besuch in unserem B\u00fcro erreichen.<br \/>\nJeder Kunde ist einzigartig und wir widmen jeder Anfrage die gr\u00f6\u00dfte Sorgfalt.<br \/>\nSchreiben Sie uns f\u00fcr schnellen Support oder um zu verstehen, wie wir unsere L\u00f6sung f\u00fcr Sie anpassen k\u00f6nnen.<\/p>\n<p>Lassen Sie uns gemeinsam Ihre zuk\u00fcnftige Mobilit\u00e4t gestalten.<\/p>\n","protected":false},"excerpt":{"rendered":"<p>F\u00fcllen Sie das Formular mit Ihrem Namen, Ihrer E-Mail und Ihrer Nachricht aus: Unser Team antwortet innerhalb von 24 Stunden. Egal wie gro\u00df Ihr Projekt ist, wir sind hier, um Ihnen zuzuh\u00f6ren und Ihnen zu helfen, die perfekte L\u00f6sung f\u00fcr Ihre Bed\u00fcrfnisse zu finden. Fordern Sie jetzt Ihre Demo an und entdecken Sie, wie Sie [&hellip;]<\/p>\n","protected":false},"author":5,"featured_media":0,"parent":0,"menu_order":6,"comment_status":"closed","ping_status":"closed","template":"contact-us.php","meta":{"_acf_changed":false,"footnotes":""},"class_list":["post-682","page","type-page","status-publish","hentry"],"acf":[],"_links":{"self":[{"href":"https:\/\/wevie.com\/de\/wp-json\/wp\/v2\/pages\/682","targetHints":{"allow":["GET"]}}],"collection":[{"href":"https:\/\/wevie.com\/de\/wp-json\/wp\/v2\/pages"}],"about":[{"href":"https:\/\/wevie.com\/de\/wp-json\/wp\/v2\/types\/page"}],"author":[{"embeddable":true,"href":"https:\/\/wevie.com\/de\/wp-json\/wp\/v2\/users\/5"}],"replies":[{"embeddable":true,"href":"https:\/\/wevie.com\/de\/wp-json\/wp\/v2\/comments?post=682"}],"version-history":[{"count":0,"href":"https:\/\/wevie.com\/de\/wp-json\/wp\/v2\/pages\/682\/revisions"}],"wp:attachment":[{"href":"https:\/\/wevie.com\/de\/wp-json\/wp\/v2\/media?parent=682"}],"curies":[{"name":"wp","href":"https:\/\/api.w.org\/{rel}","templated":true}]}}