{"id":623,"date":"2026-03-05T15:21:31","date_gmt":"2026-03-05T15:21:31","guid":{"rendered":"https:\/\/wevie.com\/blog-zu-flottenmanagement-smart-mobility\/"},"modified":"2026-03-13T12:23:17","modified_gmt":"2026-03-13T12:23:17","slug":"blog-zu-flottenmanagement-smart-mobility","status":"publish","type":"page","link":"https:\/\/wevie.com\/de\/blog-zu-flottenmanagement-smart-mobility\/","title":{"rendered":"Blog zu Flottenmanagement &#038; Smart Mobility"},"content":{"rendered":"<p>Brancheneinblicke, Trends und praktische Leitf\u00e4den f\u00fcr Mobilit\u00e4tsbetreiber. Entdecken Sie, wie Sie mit der Wevie-Technologie Abl\u00e4ufe optimieren, Kosten senken und Ihre Flotte ausbauen k\u00f6nnen.<\/p>\n","protected":false},"excerpt":{"rendered":"<p>Brancheneinblicke, Trends und praktische Leitf\u00e4den f\u00fcr Mobilit\u00e4tsbetreiber. Entdecken Sie, wie Sie mit der Wevie-Technologie Abl\u00e4ufe optimieren, Kosten senken und Ihre Flotte ausbauen k\u00f6nnen.<\/p>\n","protected":false},"author":2,"featured_media":0,"parent":0,"menu_order":3,"comment_status":"closed","ping_status":"closed","template":"blog.php","meta":{"_acf_changed":false,"footnotes":""},"class_list":["post-623","page","type-page","status-publish","hentry"],"acf":[],"_links":{"self":[{"href":"https:\/\/wevie.com\/de\/wp-json\/wp\/v2\/pages\/623","targetHints":{"allow":["GET"]}}],"collection":[{"href":"https:\/\/wevie.com\/de\/wp-json\/wp\/v2\/pages"}],"about":[{"href":"https:\/\/wevie.com\/de\/wp-json\/wp\/v2\/types\/page"}],"author":[{"embeddable":true,"href":"https:\/\/wevie.com\/de\/wp-json\/wp\/v2\/users\/2"}],"replies":[{"embeddable":true,"href":"https:\/\/wevie.com\/de\/wp-json\/wp\/v2\/comments?post=623"}],"version-history":[{"count":1,"href":"https:\/\/wevie.com\/de\/wp-json\/wp\/v2\/pages\/623\/revisions"}],"predecessor-version":[{"id":624,"href":"https:\/\/wevie.com\/de\/wp-json\/wp\/v2\/pages\/623\/revisions\/624"}],"wp:attachment":[{"href":"https:\/\/wevie.com\/de\/wp-json\/wp\/v2\/media?parent=623"}],"curies":[{"name":"wp","href":"https:\/\/api.w.org\/{rel}","templated":true}]}}